{"id":50,"date":"2021-12-14T11:10:03","date_gmt":"2021-12-14T10:10:03","guid":{"rendered":"https:\/\/buildbackbetter.joanneum.at\/?page_id=50"},"modified":"2024-03-26T12:11:23","modified_gmt":"2024-03-26T11:11:23","slug":"dissemination-activities","status":"publish","type":"page","link":"https:\/\/buildbackbetter.joanneum.at\/?page_id=50","title":{"rendered":"Dissemination activities"},"content":{"rendered":"\n<p>Thaler, T., Posch, E., Seebauer, S., Winkler, C. (2022). <a href=\"https:\/\/meetingorganizer.copernicus.org\/EGU22\/EGU22-11380.html\">Leveraging the transformative potential of shocks: a conceptual framework to reach the adaptigation goal<\/a>. Geophysical Research Abstracts, EGU22-11380. Presented at the <a href=\"https:\/\/www.egu22.eu\/\">European Geosciences Union General Assembly<\/a>, 23-27 May 2022, Vienna.<\/p>\n\n\n\n<p>Kropf, B. (2022). Motive \u00f6sterreichischer Landwirt*innen f\u00fcr und gegen die Umsetzung von Anpassungsma\u00dfnahmen an D\u00fcrre. 20. <a href=\"https:\/\/qualitative-content-analysis.org\/de\/workshops\/velden\/\">QIA Workshop<\/a>, 1-3 July 2022, Velden.<\/p>\n\n\n\n<p>Kropf, B., Achs, T., Schmid, E., Mitter, H. (2022). A Qualitative Behavioral Systems Map for Analyzing Farmers\u2019 Drought Adaptation. <a href=\"https:\/\/gewisola2022.uni-hohenheim.de\/startseite\">62. Jahrestagung der Gesellschaft f\u00fcr Wirtschafts- und Sozialwissenschaften des Landbaus<\/a>, 7-9 September 2022, Hohenheim.<\/p>\n\n\n\n<p>Kropf, B., Schmid, E., Mitter, H. (2022). Exploring farmers\u2019 reasons for drought adaptation. <a href=\"https:\/\/oega.boku.ac.at\/en\/conference\/conference-2022\/\">32nd annual conference of the Austrian Society of Agricultural Economics<\/a>, 22-23 September 2022, Ljubljana.<\/p>\n\n\n\n<p>Seebauer, S., Thaler, T., Mitter, H., Steiger, R., Dreisiebner-Lanz, S., Ellmer, H.P., Winkler, C., Friesenecker, M., Kropf, B., Gorbach, T., Posch, E. (2023). <a href=\"https:\/\/ccca.ac.at\/fileadmin\/00_DokumenteHauptmenue\/03_Aktivitaeten\/Dialogveranstaltungen\/OEsterreichischer_Klimatag\/2023_Tagungsband_final.pdf\">Designing policies for transformative recovery and adaptigation after systemic shocks. 23<\/a><a href=\"https:\/\/ccca.ac.at\/dialogformate\/oesterreichischer-klimatag\/klimatag-2023\">rd Austrian Climate Day<\/a>, 11-13 April, Leoben.<\/p>\n\n\n\n<p>Gorbach, T., Posch, E., Steiger, R. (2023). Shocks as opportunity for transformation in tourism? <a href=\"https:\/\/cbtsconference.com\/programme\/\">Consumer Behaviour in Tourism Symposium<\/a>, 31 May &#8211; 2 June 2023, Breda.<\/p>\n\n\n\n<p>Kropf, B., Larcher, M., Vogel, S., Seebauer, S., Mitter, H. (2023). Empirically-based farmer types of drought adaptation in Austria. <a href=\"https:\/\/eaae2023.colloque.inrae.fr\/\">17<sup>th<\/sup> Congress of the European Association of Agricultural Economics<\/a>, Aug 29 \u2013 Sept 1, 2023, Rennes.<\/p>\n\n\n\n<p>Posch, E., Gorbach, T., Steiger, R. (2023). Die Pandemie als Chance zur Transformation im Tourismus? Eine Fallstudie aus \u00d6sterreich. <a href=\"https:\/\/dkg2023.de\/\">Deutscher Kongress f\u00fcr Geographie 2023<\/a>. 20 &#8211; 22 September 2023, Frankfurt.<\/p>\n\n\n\n<p>Kropf, B., Dreisiebner-Lanz, S., Winkler, C., Seebauer, S., Ellmer, H.P., Gorbach, T., Posch, E., Steiger, R., Thaler, T., Mitter, H. (2023). <a href=\"https:\/\/oega.boku.ac.at\/fileadmin\/user_upload\/Tagung\/2023\/ tagungsband_2023_mit_Seitenangaben_1.pdf\">Water management in the Seewinkel region: Interactions between actors and events<\/a>. <a href=\"https:\/\/oega.boku.ac.at\/tagungen\/tagung-2023\/\">33. Jahrestagung der \u00d6sterreichischen Gesellschaft f\u00fcr Agrar\u00f6konomie<\/a>, Sept 28-29, 2023, Wien.<\/p>\n\n\n\n<p>Seebauer, S., Ellmer, H.P., Thaler, T. (2024). It ain\u2019t over \u2018til it\u2019s over: Long-term implementation and coping processes in a voluntary relocation scheme in Austria. <a href=\"https:\/\/www.srae-athens2024.gr\/\">32nd Conference of the Society for Risk Analysis Europe<\/a>, 2-5 June 2024, Athens.<\/p>\n\n\n\n<p><\/p>\n","protected":false},"excerpt":{"rendered":"<p>Thaler, T., Posch, E., Seebauer, S., Winkler, C. (2022). Leveraging the transformative potential of shocks: a conceptual framework to reach the adaptigation goal. Geophysical Research Abstracts, EGU22-11380. Presented at the European Geosciences Union General Assembly, 23-27 May 2022, Vienna. Kropf,<\/p>\n","protected":false},"author":1,"featured_media":0,"parent":0,"menu_order":0,"comment_status":"closed","ping_status":"closed","template":"","meta":{"footnotes":""},"_links":{"self":[{"href":"https:\/\/buildbackbetter.joanneum.at\/index.php?rest_route=\/wp\/v2\/pages\/50"}],"collection":[{"href":"https:\/\/buildbackbetter.joanneum.at\/index.php?rest_route=\/wp\/v2\/pages"}],"about":[{"href":"https:\/\/buildbackbetter.joanneum.at\/index.php?rest_route=\/wp\/v2\/types\/page"}],"author":[{"embeddable":true,"href":"https:\/\/buildbackbetter.joanneum.at\/index.php?rest_route=\/wp\/v2\/users\/1"}],"replies":[{"embeddable":true,"href":"https:\/\/buildbackbetter.joanneum.at\/index.php?rest_route=%2Fwp%2Fv2%2Fcomments&post=50"}],"version-history":[{"count":9,"href":"https:\/\/buildbackbetter.joanneum.at\/index.php?rest_route=\/wp\/v2\/pages\/50\/revisions"}],"predecessor-version":[{"id":111,"href":"https:\/\/buildbackbetter.joanneum.at\/index.php?rest_route=\/wp\/v2\/pages\/50\/revisions\/111"}],"wp:attachment":[{"href":"https:\/\/buildbackbetter.joanneum.at\/index.php?rest_route=%2Fwp%2Fv2%2Fmedia&parent=50"}],"curies":[{"name":"wp","href":"https:\/\/api.w.org\/{rel}","templated":true}]}}