{"id":2,"date":"2021-12-03T11:09:39","date_gmt":"2021-12-03T10:09:39","guid":{"rendered":"https:\/\/buildbackbetter.joanneum.at\/?page_id=2"},"modified":"2026-02-03T11:57:52","modified_gmt":"2026-02-03T10:57:52","slug":"publications","status":"publish","type":"page","link":"https:\/\/buildbackbetter.joanneum.at\/?page_id=2","title":{"rendered":"Publications"},"content":{"rendered":"\n<p><a href=\"https:\/\/www.klimafonds.gv.at\/wp-content\/uploads\/2025\/03\/C163595-ACRP13-Build-Back-Better-KR20AC0K18173-EB.pdf\">Final report<\/a> to the Austrian Climate and Energy Fund<\/p>\n\n\n\n<p>Kropf, B., Achs, T., Schmid, E., Mitter, H. (2022). A Qualitative Behavioral Systems Map for Analyzing Farmers\u2019 Intended and Actual Drought Adaptation. <a href=\"https:\/\/www.gewisola.de\/schriftenreihe\">Schriften der Gesellschaft f\u00fcr Wirtschafts- und Sozialwissenschaften des Landbaues e.V.<\/a>, Bd. 58.<\/p>\n\n\n\n<p>Seebauer, S., Posch, E., Thaler, T., Winkler, C., Mitter, H. (2025). <a href=\"https:\/\/link.springer.com\/article\/10.1007\/s11027-025-10221-0\">Under which conditions can shocks stimulate transformative recovery: The Strategy Shock Implementation Reaction (SSIR) framework<\/a>. <em>Mitigation and Adaptation Strategies for Global Change<\/em>, 30, 34. doi:10.1007\/s11027-025-10221-0. (formerly Build Back Better Working Paper No. 1).<\/p>\n\n\n\n<p>Pribil, A. (2022). <a href=\"https:\/\/buildbackbetter.joanneum.at\/wp-content\/uploads\/2022\/11\/Masterarbeit_Pribil_ohne-Anhang.pdf\">Der Wald im Klimawandel. Unterschiedliche Betroffenheiten und Umgang mit Borkenk\u00e4ferkalamit\u00e4ten in der Obersteiermark<\/a>. Master thesis in Global Studies, University of Graz. <\/p>\n\n\n\n<p>Thaler, T., Seebauer, S. (2025). <a href=\"https:\/\/onlinelibrary.wiley.com\/doi\/10.1111\/jfr3.70052\">Realizing recognition justice in flood risk management policy: A case study on implementation gaps and legitimacy gaps in Austria<\/a>. <em>Journal of Flood Risk Management<\/em>, 18(2), e70052. doi:10.1111\/jfr3.70052. (formerly Build Back Better Working Paper No. 2).<\/p>\n\n\n\n<p>Dreisiebner-Lanz, S., Winkler, C., Seebauer, S. (2024). <a href=\"https:\/\/www.sciencedirect.com\/science\/article\/pii\/S0301479726001416\">Agronomy rules: A case study on the mismatch between farm-scale measures and policy instruments for drought adaptation in Seewinkel, Austria<\/a>. <em>Journal of Environmental Management<\/em>, 400, 128681. doi:10.1016\/j.jenvman.2026.128681. (formerly Build Back Better Working Paper No. 3).<\/p>\n\n\n\n<p>Winkler, C., Seebauer, S., Dreisiebner-Lanz, S., Thaler, T., Mitter, H., Posch, E., Gorbach, T., Steiger, R., Kropf, B. (2025). <a href=\"https:\/\/link.springer.com\/article\/10.1007\/s10113-025-02473-y\">The long and winding road of climate-resilient development: A case study-driven analysis of shocks, policy strategies and individual reactions in Austria<\/a>. <em>Regional Environmental Change<\/em>, 26, 36. doi:10.1007\/s10113-025-02473-y. (formerly Build Back Better Working Paper No. 4).<\/p>\n\n\n\n<p>Seebauer, S., Ellmer, H.P., Thaler, T. (2025). <a href=\"https:\/\/www.sciencedirect.com\/science\/article\/pii\/S2212096325000762\">Ambition and reality in the climate resilience of residential buildings: A case study on flood reconstruction in Austria<\/a>. <em>Climate Risk Management<\/em>, 50, 100762. doi:10.1016\/j.crm.2025.100762. (formerly Build Back Better Working Paper No. 5).<\/p>\n\n\n\n<p>Carr, G., Lun, D., Seebauer, S. (2025). <a href=\"https:\/\/agupubs.onlinelibrary.wiley.com\/doi\/full\/10.1029\/2025WR040502\">Interactions between public and private flood adaptation: Insights from a socio-hydrological model<\/a>. <em>Water Resources Research<\/em>, 61(11), e2025WR040502. doi:10.1029\/2025WR040502. (formerly Build Back Better Working Paper No. 6).<\/p>\n\n\n\n<p>Steiger, R., Posch, E., Gorbach, T. (2024). <a href=\"https:\/\/buildbackbetter.joanneum.at\/wp-content\/uploads\/2024\/08\/BuildBackBetter-WorkingPaper7.pdf\">Sustainable Recovery: Analyzing Pandemic Subsidies and Their Role in Promoting Climate-Friendly Investments in Tyrolean Hotels<\/a>. Build Back Better Working Paper No. 7.<\/p>\n\n\n\n<p>Mitter, H., Kropf, B., Dreisiebner-Lanz, S., Winkler, C. (2024). <a href=\"https:\/\/buildbackbetter.joanneum.at\/wp-content\/uploads\/2024\/08\/BuildBackBetter-PolicyBrief1.pdf\">Umgang mit mehrj\u00e4hrigen D\u00fcrreereignissen in der Landwirtschaft mit Fokus auf den Osten \u00d6sterreichs<\/a>. Build Back Better Policy Brief.<\/p>\n\n\n\n<p>Mitter, H., Kropf, B. (2025). <a href=\"https:\/\/www.sciencedirect.com\/science\/article\/pii\/S0301479725017979\">Strategies for combating climate extremes in a semi-arid region in Austria<\/a>. <em>Journal of Environmental Management<\/em>, 386, 125821. doi:10.1016\/j.jenvman.2025.125821.<\/p>\n\n\n\n<p>Mitter, H., Obermeier, K., Schmid, E. (2024). Exploring smallholder farmers\u2019 climate change adaptation intentions in Tiruchirappalli District, South India. <em>Agriculture and Human Values<\/em>, 41, 1019-1035. <a href=\"https:\/\/doi.org\/10.1007\/s10460-023-10528-1\">https:\/\/doi.org\/10.1007\/s10460-023-10528-1<\/a>.<\/p>\n","protected":false},"excerpt":{"rendered":"<p>Final report to the Austrian Climate and Energy Fund Kropf, B., Achs, T., Schmid, E., Mitter, H. (2022). A Qualitative Behavioral Systems Map for Analyzing Farmers\u2019 Intended and Actual Drought Adaptation. Schriften der Gesellschaft f\u00fcr Wirtschafts- und Sozialwissenschaften des Landbaues<\/p>\n","protected":false},"author":1,"featured_media":0,"parent":0,"menu_order":0,"comment_status":"closed","ping_status":"closed","template":"","meta":{"footnotes":""},"_links":{"self":[{"href":"https:\/\/buildbackbetter.joanneum.at\/index.php?rest_route=\/wp\/v2\/pages\/2"}],"collection":[{"href":"https:\/\/buildbackbetter.joanneum.at\/index.php?rest_route=\/wp\/v2\/pages"}],"about":[{"href":"https:\/\/buildbackbetter.joanneum.at\/index.php?rest_route=\/wp\/v2\/types\/page"}],"author":[{"embeddable":true,"href":"https:\/\/buildbackbetter.joanneum.at\/index.php?rest_route=\/wp\/v2\/users\/1"}],"replies":[{"embeddable":true,"href":"https:\/\/buildbackbetter.joanneum.at\/index.php?rest_route=%2Fwp%2Fv2%2Fcomments&post=2"}],"version-history":[{"count":20,"href":"https:\/\/buildbackbetter.joanneum.at\/index.php?rest_route=\/wp\/v2\/pages\/2\/revisions"}],"predecessor-version":[{"id":141,"href":"https:\/\/buildbackbetter.joanneum.at\/index.php?rest_route=\/wp\/v2\/pages\/2\/revisions\/141"}],"wp:attachment":[{"href":"https:\/\/buildbackbetter.joanneum.at\/index.php?rest_route=%2Fwp%2Fv2%2Fmedia&parent=2"}],"curies":[{"name":"wp","href":"https:\/\/api.w.org\/{rel}","templated":true}]}}